{"id":11,"date":"2025-04-06T18:30:27","date_gmt":"2025-04-06T16:30:27","guid":{"rendered":"https:\/\/misterna.pwjm.pl\/?page_id=11"},"modified":"2025-05-27T12:28:56","modified_gmt":"2025-05-27T10:28:56","slug":"misterna-cafe","status":"publish","type":"page","link":"https:\/\/misterna.pwjm.pl\/","title":{"rendered":"Misterna caf\u00e9"},"content":{"rendered":"\n<figure class=\"wp-block-image alignwide size-large wp-duotone-unset-1\"><img loading=\"lazy\" decoding=\"async\" width=\"1024\" height=\"684\" src=\"https:\/\/misterna.pwjm.pl\/wp-content\/uploads\/2025\/04\/misterna_frontpage2-1024x684.jpg\" alt=\"\" class=\"wp-image-14\" srcset=\"https:\/\/misterna.pwjm.pl\/wp-content\/uploads\/2025\/04\/misterna_frontpage2-1024x684.jpg 1024w, https:\/\/misterna.pwjm.pl\/wp-content\/uploads\/2025\/04\/misterna_frontpage2-300x200.jpg 300w, https:\/\/misterna.pwjm.pl\/wp-content\/uploads\/2025\/04\/misterna_frontpage2-768x513.jpg 768w, https:\/\/misterna.pwjm.pl\/wp-content\/uploads\/2025\/04\/misterna_frontpage2.jpg 1200w\" sizes=\"auto, (max-width: 1024px) 100vw, 1024px\" \/><\/figure>\n\n\n\n<h2 class=\"wp-block-heading\"><em><strong>Szybki internet czy relaks przy ksi\u0105\u017cce?<\/strong><\/em><\/h2>\n\n\n\n<div class=\"wp-block-media-text alignwide is-stacked-on-mobile\" style=\"grid-template-columns:41% auto\"><figure class=\"wp-block-media-text__media\"><img loading=\"lazy\" decoding=\"async\" width=\"560\" height=\"400\" src=\"https:\/\/misterna.pwjm.pl\/wp-content\/uploads\/2025\/04\/misterna_frontpage3.jpg\" alt=\"\" class=\"wp-image-15 size-full\" srcset=\"https:\/\/misterna.pwjm.pl\/wp-content\/uploads\/2025\/04\/misterna_frontpage3.jpg 560w, https:\/\/misterna.pwjm.pl\/wp-content\/uploads\/2025\/04\/misterna_frontpage3-300x214.jpg 300w\" sizes=\"auto, (max-width: 560px) 100vw, 560px\" \/><\/figure><div class=\"wp-block-media-text__content\">\n<p>Niezale\u017cnie od tego, czy szukasz miejsca do efektywnej pracy czy b\u0142ogiego relaksu, Misterna cafe jest miejscem dla Ciebie. Pyszna kawa, bogaty wyb\u00f3r herbat, soki wolnowyciskane i lemoniady a do tego ciasta, lody i gofry zar\u00f3wno s\u0142odkie jaki wytrawne. Albo zwyczajnie chwila wytchnienia.<\/p>\n\n\n\n<p>Klimatyczna muzyka z pierwszorz\u0119dnego systemu Harman Kardon Citation oraz internet z WiFi 5G z pe\u0142n\u0105 pr\u0119dko\u015bci\u0105. Sympatyczna obs\u0142uga zapewniaj\u0105ca rado\u015b\u0107 oraz dyskrecj\u0119 dla Ciebie i Twojego towarzystwa. Spr\u00f3buj sam lub ze swoimi przyjaci\u00f3\u0142mi sp\u0119dzi\u0107 u nas mi\u0142e popo\u0142udnie. Zapraszamy!<\/p>\n<\/div><\/div>\n\n\n\n<figure class=\"wp-block-gallery has-nested-images columns-default is-cropped wp-block-gallery-21 is-layout-flex wp-block-gallery-is-layout-flex\">\n<figure class=\"wp-block-image size-large wp-duotone-unset-2\"><img loading=\"lazy\" decoding=\"async\" width=\"800\" height=\"571\" data-id=\"21\" src=\"https:\/\/misterna.pwjm.pl\/wp-content\/uploads\/2025\/04\/misterna_gal001.jpg\" alt=\"\" class=\"wp-image-21\" srcset=\"https:\/\/misterna.pwjm.pl\/wp-content\/uploads\/2025\/04\/misterna_gal001.jpg 800w, https:\/\/misterna.pwjm.pl\/wp-content\/uploads\/2025\/04\/misterna_gal001-300x214.jpg 300w, https:\/\/misterna.pwjm.pl\/wp-content\/uploads\/2025\/04\/misterna_gal001-768x548.jpg 768w\" sizes=\"auto, (max-width: 800px) 100vw, 800px\" \/><\/figure>\n\n\n\n<figure class=\"wp-block-image size-large wp-duotone-unset-3\"><img loading=\"lazy\" decoding=\"async\" width=\"456\" height=\"570\" data-id=\"20\" src=\"https:\/\/misterna.pwjm.pl\/wp-content\/uploads\/2025\/04\/misterna_gal002.jpg\" alt=\"\" class=\"wp-image-20\" srcset=\"https:\/\/misterna.pwjm.pl\/wp-content\/uploads\/2025\/04\/misterna_gal002.jpg 456w, https:\/\/misterna.pwjm.pl\/wp-content\/uploads\/2025\/04\/misterna_gal002-240x300.jpg 240w\" sizes=\"auto, (max-width: 456px) 100vw, 456px\" \/><\/figure>\n\n\n\n<figure class=\"wp-block-image size-large wp-duotone-unset-4\"><img loading=\"lazy\" decoding=\"async\" width=\"675\" height=\"540\" data-id=\"25\" src=\"https:\/\/misterna.pwjm.pl\/wp-content\/uploads\/2025\/04\/misterna_gal003.jpg\" alt=\"\" class=\"wp-image-25\" srcset=\"https:\/\/misterna.pwjm.pl\/wp-content\/uploads\/2025\/04\/misterna_gal003.jpg 675w, https:\/\/misterna.pwjm.pl\/wp-content\/uploads\/2025\/04\/misterna_gal003-300x240.jpg 300w\" sizes=\"auto, (max-width: 675px) 100vw, 675px\" \/><\/figure>\n\n\n\n<figure class=\"wp-block-image size-large wp-duotone-unset-5\"><img loading=\"lazy\" decoding=\"async\" width=\"960\" height=\"540\" data-id=\"26\" src=\"https:\/\/misterna.pwjm.pl\/wp-content\/uploads\/2025\/04\/misterna_gal004.jpg\" alt=\"\" class=\"wp-image-26\" srcset=\"https:\/\/misterna.pwjm.pl\/wp-content\/uploads\/2025\/04\/misterna_gal004.jpg 960w, https:\/\/misterna.pwjm.pl\/wp-content\/uploads\/2025\/04\/misterna_gal004-300x169.jpg 300w, https:\/\/misterna.pwjm.pl\/wp-content\/uploads\/2025\/04\/misterna_gal004-768x432.jpg 768w\" sizes=\"auto, (max-width: 960px) 100vw, 960px\" \/><\/figure>\n\n\n\n<figure class=\"wp-block-image size-large wp-duotone-unset-6\"><img loading=\"lazy\" decoding=\"async\" width=\"675\" height=\"540\" data-id=\"23\" src=\"https:\/\/misterna.pwjm.pl\/wp-content\/uploads\/2025\/04\/misterna_gal005.jpg\" alt=\"\" class=\"wp-image-23\" srcset=\"https:\/\/misterna.pwjm.pl\/wp-content\/uploads\/2025\/04\/misterna_gal005.jpg 675w, https:\/\/misterna.pwjm.pl\/wp-content\/uploads\/2025\/04\/misterna_gal005-300x240.jpg 300w\" sizes=\"auto, (max-width: 675px) 100vw, 675px\" \/><\/figure>\n\n\n\n<figure class=\"wp-block-image size-large wp-duotone-unset-7\"><img loading=\"lazy\" decoding=\"async\" width=\"960\" height=\"540\" data-id=\"22\" src=\"https:\/\/misterna.pwjm.pl\/wp-content\/uploads\/2025\/04\/misterna_gal006.jpg\" alt=\"\" class=\"wp-image-22\" srcset=\"https:\/\/misterna.pwjm.pl\/wp-content\/uploads\/2025\/04\/misterna_gal006.jpg 960w, https:\/\/misterna.pwjm.pl\/wp-content\/uploads\/2025\/04\/misterna_gal006-300x169.jpg 300w, https:\/\/misterna.pwjm.pl\/wp-content\/uploads\/2025\/04\/misterna_gal006-768x432.jpg 768w\" sizes=\"auto, (max-width: 960px) 100vw, 960px\" \/><\/figure>\n\n\n\n<figure class=\"wp-block-image size-large wp-duotone-unset-8\"><img loading=\"lazy\" decoding=\"async\" width=\"756\" height=\"540\" data-id=\"24\" src=\"https:\/\/misterna.pwjm.pl\/wp-content\/uploads\/2025\/04\/misterna_gal007.jpg\" alt=\"\" class=\"wp-image-24\" srcset=\"https:\/\/misterna.pwjm.pl\/wp-content\/uploads\/2025\/04\/misterna_gal007.jpg 756w, https:\/\/misterna.pwjm.pl\/wp-content\/uploads\/2025\/04\/misterna_gal007-300x214.jpg 300w\" sizes=\"auto, (max-width: 756px) 100vw, 756px\" \/><\/figure>\n\n\n\n<figure class=\"wp-block-image size-large wp-duotone-unset-9\"><img loading=\"lazy\" decoding=\"async\" width=\"756\" height=\"540\" data-id=\"27\" src=\"https:\/\/misterna.pwjm.pl\/wp-content\/uploads\/2025\/04\/misterna_gal008.jpg\" alt=\"\" class=\"wp-image-27\" srcset=\"https:\/\/misterna.pwjm.pl\/wp-content\/uploads\/2025\/04\/misterna_gal008.jpg 756w, https:\/\/misterna.pwjm.pl\/wp-content\/uploads\/2025\/04\/misterna_gal008-300x214.jpg 300w\" sizes=\"auto, (max-width: 756px) 100vw, 756px\" \/><\/figure>\n\n\n\n<figure class=\"wp-block-image size-large wp-duotone-unset-10\"><img loading=\"lazy\" decoding=\"async\" width=\"756\" height=\"540\" data-id=\"31\" src=\"https:\/\/misterna.pwjm.pl\/wp-content\/uploads\/2025\/04\/misterna_gal009.jpg\" alt=\"\" class=\"wp-image-31\" srcset=\"https:\/\/misterna.pwjm.pl\/wp-content\/uploads\/2025\/04\/misterna_gal009.jpg 756w, https:\/\/misterna.pwjm.pl\/wp-content\/uploads\/2025\/04\/misterna_gal009-300x214.jpg 300w\" sizes=\"auto, (max-width: 756px) 100vw, 756px\" \/><\/figure>\n\n\n\n<figure class=\"wp-block-image size-large wp-duotone-unset-11\"><img loading=\"lazy\" decoding=\"async\" width=\"810\" height=\"540\" data-id=\"28\" src=\"https:\/\/misterna.pwjm.pl\/wp-content\/uploads\/2025\/04\/misterna_gal010.jpg\" alt=\"\" class=\"wp-image-28\" srcset=\"https:\/\/misterna.pwjm.pl\/wp-content\/uploads\/2025\/04\/misterna_gal010.jpg 810w, https:\/\/misterna.pwjm.pl\/wp-content\/uploads\/2025\/04\/misterna_gal010-300x200.jpg 300w, https:\/\/misterna.pwjm.pl\/wp-content\/uploads\/2025\/04\/misterna_gal010-768x512.jpg 768w\" sizes=\"auto, (max-width: 810px) 100vw, 810px\" \/><\/figure>\n\n\n\n<figure class=\"wp-block-image size-large wp-duotone-unset-12\"><img loading=\"lazy\" decoding=\"async\" width=\"432\" height=\"540\" data-id=\"29\" src=\"https:\/\/misterna.pwjm.pl\/wp-content\/uploads\/2025\/04\/misterna_gal011.jpg\" alt=\"\" class=\"wp-image-29\" srcset=\"https:\/\/misterna.pwjm.pl\/wp-content\/uploads\/2025\/04\/misterna_gal011.jpg 432w, https:\/\/misterna.pwjm.pl\/wp-content\/uploads\/2025\/04\/misterna_gal011-240x300.jpg 240w\" sizes=\"auto, (max-width: 432px) 100vw, 432px\" \/><\/figure>\n\n\n\n<figure class=\"wp-block-image size-full wp-duotone-unset-13\"><img loading=\"lazy\" decoding=\"async\" width=\"432\" height=\"540\" data-id=\"71\" src=\"https:\/\/misterna.pwjm.pl\/wp-content\/uploads\/2025\/04\/misterna_gal020.jpg\" alt=\"\" class=\"wp-image-71\" srcset=\"https:\/\/misterna.pwjm.pl\/wp-content\/uploads\/2025\/04\/misterna_gal020.jpg 432w, https:\/\/misterna.pwjm.pl\/wp-content\/uploads\/2025\/04\/misterna_gal020-240x300.jpg 240w\" sizes=\"auto, (max-width: 432px) 100vw, 432px\" \/><\/figure>\n\n\n\n<figure class=\"wp-block-image size-large wp-duotone-unset-14\"><img loading=\"lazy\" decoding=\"async\" width=\"386\" height=\"540\" data-id=\"32\" src=\"https:\/\/misterna.pwjm.pl\/wp-content\/uploads\/2025\/04\/misterna_gal013.jpg\" alt=\"\" class=\"wp-image-32\" srcset=\"https:\/\/misterna.pwjm.pl\/wp-content\/uploads\/2025\/04\/misterna_gal013.jpg 386w, https:\/\/misterna.pwjm.pl\/wp-content\/uploads\/2025\/04\/misterna_gal013-214x300.jpg 214w\" sizes=\"auto, (max-width: 386px) 100vw, 386px\" \/><\/figure>\n\n\n\n<figure class=\"wp-block-image size-large wp-duotone-unset-15\"><img loading=\"lazy\" decoding=\"async\" width=\"432\" height=\"540\" data-id=\"30\" src=\"https:\/\/misterna.pwjm.pl\/wp-content\/uploads\/2025\/04\/misterna_gal014.jpg\" alt=\"\" class=\"wp-image-30\" srcset=\"https:\/\/misterna.pwjm.pl\/wp-content\/uploads\/2025\/04\/misterna_gal014.jpg 432w, https:\/\/misterna.pwjm.pl\/wp-content\/uploads\/2025\/04\/misterna_gal014-240x300.jpg 240w\" sizes=\"auto, (max-width: 432px) 100vw, 432px\" \/><\/figure>\n\n\n\n<figure class=\"wp-block-image size-large wp-duotone-unset-16\"><img loading=\"lazy\" decoding=\"async\" width=\"386\" height=\"540\" data-id=\"36\" src=\"https:\/\/misterna.pwjm.pl\/wp-content\/uploads\/2025\/04\/misterna_gal015.jpg\" alt=\"\" class=\"wp-image-36\" srcset=\"https:\/\/misterna.pwjm.pl\/wp-content\/uploads\/2025\/04\/misterna_gal015.jpg 386w, https:\/\/misterna.pwjm.pl\/wp-content\/uploads\/2025\/04\/misterna_gal015-214x300.jpg 214w\" sizes=\"auto, (max-width: 386px) 100vw, 386px\" \/><\/figure>\n\n\n\n<figure class=\"wp-block-image size-large wp-duotone-unset-17\"><img loading=\"lazy\" decoding=\"async\" width=\"675\" height=\"540\" data-id=\"38\" src=\"https:\/\/misterna.pwjm.pl\/wp-content\/uploads\/2025\/04\/misterna_gal016.jpg\" alt=\"\" class=\"wp-image-38\" srcset=\"https:\/\/misterna.pwjm.pl\/wp-content\/uploads\/2025\/04\/misterna_gal016.jpg 675w, https:\/\/misterna.pwjm.pl\/wp-content\/uploads\/2025\/04\/misterna_gal016-300x240.jpg 300w\" sizes=\"auto, (max-width: 675px) 100vw, 675px\" \/><\/figure>\n\n\n\n<figure class=\"wp-block-image size-large wp-duotone-unset-18\"><img loading=\"lazy\" decoding=\"async\" width=\"432\" height=\"540\" data-id=\"37\" src=\"https:\/\/misterna.pwjm.pl\/wp-content\/uploads\/2025\/04\/misterna_gal017.jpg\" alt=\"\" class=\"wp-image-37\" srcset=\"https:\/\/misterna.pwjm.pl\/wp-content\/uploads\/2025\/04\/misterna_gal017.jpg 432w, https:\/\/misterna.pwjm.pl\/wp-content\/uploads\/2025\/04\/misterna_gal017-240x300.jpg 240w\" sizes=\"auto, (max-width: 432px) 100vw, 432px\" \/><\/figure>\n\n\n\n<figure class=\"wp-block-image size-large wp-duotone-unset-19\"><img loading=\"lazy\" decoding=\"async\" width=\"360\" height=\"540\" data-id=\"34\" src=\"https:\/\/misterna.pwjm.pl\/wp-content\/uploads\/2025\/04\/misterna_gal018.jpg\" alt=\"\" class=\"wp-image-34\" srcset=\"https:\/\/misterna.pwjm.pl\/wp-content\/uploads\/2025\/04\/misterna_gal018.jpg 360w, https:\/\/misterna.pwjm.pl\/wp-content\/uploads\/2025\/04\/misterna_gal018-200x300.jpg 200w\" sizes=\"auto, (max-width: 360px) 100vw, 360px\" \/><\/figure>\n\n\n\n<figure class=\"wp-block-image size-large wp-duotone-unset-20\"><img loading=\"lazy\" decoding=\"async\" width=\"405\" height=\"540\" data-id=\"35\" src=\"https:\/\/misterna.pwjm.pl\/wp-content\/uploads\/2025\/04\/misterna_gal019.jpg\" alt=\"\" class=\"wp-image-35\" srcset=\"https:\/\/misterna.pwjm.pl\/wp-content\/uploads\/2025\/04\/misterna_gal019.jpg 405w, https:\/\/misterna.pwjm.pl\/wp-content\/uploads\/2025\/04\/misterna_gal019-225x300.jpg 225w\" sizes=\"auto, (max-width: 405px) 100vw, 405px\" \/><\/figure>\n<\/figure>\n\n\n\n<h2 class=\"wp-block-heading\">rezerwacja stolik\u00f3w<\/h2>\n\n\n\n<div class=\"wp-block-media-text is-stacked-on-mobile\"><figure class=\"wp-block-media-text__media\"><img loading=\"lazy\" decoding=\"async\" width=\"756\" height=\"540\" src=\"https:\/\/misterna.pwjm.pl\/wp-content\/uploads\/2025\/04\/misterna_rez-ilustr.jpg\" alt=\"\" class=\"wp-image-41 size-full\" srcset=\"https:\/\/misterna.pwjm.pl\/wp-content\/uploads\/2025\/04\/misterna_rez-ilustr.jpg 756w, https:\/\/misterna.pwjm.pl\/wp-content\/uploads\/2025\/04\/misterna_rez-ilustr-300x214.jpg 300w\" sizes=\"auto, (max-width: 756px) 100vw, 756px\" \/><\/figure><div class=\"wp-block-media-text__content\">\n<p>Rezerwacje miejsc realizujemy telefonicznie lub poprzez system MS Bookings. <br>Nie kr\u0119pujcie si\u0119 dzwoni\u0107 i pyta\u0107 &#8211; z rado\u015bci\u0105 odpowiemy na ka\u017cde pytanie!<br>tel. 539 722 074<\/p>\n<\/div><\/div>\n\n\n\n<h2 class=\"wp-block-heading\">rezerwacja sali<\/h2>\n\n\n\n<div class=\"wp-block-media-text has-media-on-the-right is-stacked-on-mobile\"><div class=\"wp-block-media-text__content\">\n<p>Zapewniamy klimatyczne pomieszczenie wraz z pe\u0142n\u0105 obs\u0142ug\u0105 dla maksymalnie 16 os\u00f3b.<\/p>\n\n\n\n<p>Miejsce \u015bwietnie si\u0119 sprawdzi na niewielk\u0105 rodzinn\u0105 imprez\u0119 lub spotkanie biznesowe.<\/p>\n<\/div><figure class=\"wp-block-media-text__media\"><img loading=\"lazy\" decoding=\"async\" width=\"812\" height=\"541\" src=\"https:\/\/misterna.pwjm.pl\/wp-content\/uploads\/2025\/04\/misterna_rez-ilustr2.jpg\" alt=\"\" class=\"wp-image-43 size-full\" srcset=\"https:\/\/misterna.pwjm.pl\/wp-content\/uploads\/2025\/04\/misterna_rez-ilustr2.jpg 812w, https:\/\/misterna.pwjm.pl\/wp-content\/uploads\/2025\/04\/misterna_rez-ilustr2-300x200.jpg 300w, https:\/\/misterna.pwjm.pl\/wp-content\/uploads\/2025\/04\/misterna_rez-ilustr2-768x512.jpg 768w\" sizes=\"auto, (max-width: 812px) 100vw, 812px\" \/><\/figure><\/div>\n\n\n\n<p>Wst\u0119pn\u0105 rezerwacj\u0119 mo\u017cna uzgodni\u0107 telefonicznie ale szczeg\u00f3\u0142y rekomendujemy ustali\u0107 osobi\u015bcie podczas wizyty w naszej kawiarni.&nbsp;<\/p>\n\n\n\n<figure class=\"wp-block-image size-large wp-duotone-default-filter\"><img loading=\"lazy\" decoding=\"async\" width=\"724\" height=\"1024\" src=\"https:\/\/misterna.pwjm.pl\/wp-content\/uploads\/2025\/04\/Misterna-cafe_logo_noback-724x1024.png\" alt=\"\" class=\"wp-image-67\" srcset=\"https:\/\/misterna.pwjm.pl\/wp-content\/uploads\/2025\/04\/Misterna-cafe_logo_noback-724x1024.png 724w, https:\/\/misterna.pwjm.pl\/wp-content\/uploads\/2025\/04\/Misterna-cafe_logo_noback-212x300.png 212w, https:\/\/misterna.pwjm.pl\/wp-content\/uploads\/2025\/04\/Misterna-cafe_logo_noback-768x1086.png 768w, https:\/\/misterna.pwjm.pl\/wp-content\/uploads\/2025\/04\/Misterna-cafe_logo_noback-1086x1536.png 1086w, https:\/\/misterna.pwjm.pl\/wp-content\/uploads\/2025\/04\/Misterna-cafe_logo_noback.png 1414w\" sizes=\"auto, (max-width: 724px) 100vw, 724px\" \/><\/figure>\n","protected":false},"excerpt":{"rendered":"<p>Szybki internet czy relaks przy ksi\u0105\u017cce? Niezale\u017cnie od tego, czy szukasz miejsca do efektywnej pracy czy b\u0142ogiego relaksu, Misterna cafe jest miejscem dla Ciebie. Pyszna kawa, bogaty wyb\u00f3r herbat, soki wolnowyciskane i lemoniady a do tego ciasta, lody i gofry zar\u00f3wno s\u0142odkie jaki wytrawne. Albo zwyczajnie chwila wytchnienia. Klimatyczna muzyka z pierwszorz\u0119dnego systemu Harman Kardon [&hellip;]<\/p>\n","protected":false},"author":1,"featured_media":0,"parent":0,"menu_order":0,"comment_status":"closed","ping_status":"closed","template":"","meta":{"footnotes":""},"class_list":["post-11","page","type-page","status-publish","hentry"],"_links":{"self":[{"href":"https:\/\/misterna.pwjm.pl\/index.php?rest_route=\/wp\/v2\/pages\/11","targetHints":{"allow":["GET"]}}],"collection":[{"href":"https:\/\/misterna.pwjm.pl\/index.php?rest_route=\/wp\/v2\/pages"}],"about":[{"href":"https:\/\/misterna.pwjm.pl\/index.php?rest_route=\/wp\/v2\/types\/page"}],"author":[{"embeddable":true,"href":"https:\/\/misterna.pwjm.pl\/index.php?rest_route=\/wp\/v2\/users\/1"}],"replies":[{"embeddable":true,"href":"https:\/\/misterna.pwjm.pl\/index.php?rest_route=%2Fwp%2Fv2%2Fcomments&post=11"}],"version-history":[{"count":10,"href":"https:\/\/misterna.pwjm.pl\/index.php?rest_route=\/wp\/v2\/pages\/11\/revisions"}],"predecessor-version":[{"id":74,"href":"https:\/\/misterna.pwjm.pl\/index.php?rest_route=\/wp\/v2\/pages\/11\/revisions\/74"}],"wp:attachment":[{"href":"https:\/\/misterna.pwjm.pl\/index.php?rest_route=%2Fwp%2Fv2%2Fmedia&parent=11"}],"curies":[{"name":"wp","href":"https:\/\/api.w.org\/{rel}","templated":true}]}}